{"id":9820,"date":"2025-12-04T19:00:00","date_gmt":"2025-12-04T18:00:00","guid":{"rendered":"http:\/\/s710205766.online.de\/ssv-wordpress\/?page_id=9820"},"modified":"2026-04-16T14:08:45","modified_gmt":"2026-04-16T12:08:45","slug":"download","status":"publish","type":"page","link":"http:\/\/s710205766.online.de\/ssv-wordpress\/?page_id=9820","title":{"rendered":"Download"},"content":{"rendered":"<p><a href=\"http:\/\/s710205766.online.de\/ssv-wordpress\/wp-content\/uploads\/2025_Aufnahmeformular_inkl_SEPA-4.pdf\">2025_Aufnahmeformular_inkl_SEPA<\/a><\/p>\n<p><a href=\"http:\/\/s710205766.online.de\/ssv-wordpress\/wp-content\/uploads\/Deckblatt-Schiessbuch-I-2.pdf\">Deckblatt Schie\u00dfbuch I<\/a><\/p>\n<p><a href=\"http:\/\/s710205766.online.de\/ssv-wordpress\/wp-content\/uploads\/Schiessbuch-I.pdf\">Schie\u00dfbuch I<\/a><\/p>\n<p><a href=\"http:\/\/s710205766.online.de\/ssv-wordpress\/wp-content\/uploads\/Schie\u00dfbuch-Trainingsnachweis.pdf\">Schie\u00dfbuch-Trainingsnachweis<\/a><\/p>\n","protected":false},"excerpt":{"rendered":"<p>2025_Aufnahmeformular_inkl_SEPA Deckblatt Schie\u00dfbuch I Schie\u00dfbuch I Schie\u00dfbuch-Trainingsnachweis<\/p>\n","protected":false},"author":1,"featured_media":0,"parent":0,"menu_order":0,"comment_status":"closed","ping_status":"closed","template":"","meta":{"footnotes":""},"_links":{"self":[{"href":"http:\/\/s710205766.online.de\/ssv-wordpress\/index.php?rest_route=\/wp\/v2\/pages\/9820"}],"collection":[{"href":"http:\/\/s710205766.online.de\/ssv-wordpress\/index.php?rest_route=\/wp\/v2\/pages"}],"about":[{"href":"http:\/\/s710205766.online.de\/ssv-wordpress\/index.php?rest_route=\/wp\/v2\/types\/page"}],"author":[{"embeddable":true,"href":"http:\/\/s710205766.online.de\/ssv-wordpress\/index.php?rest_route=\/wp\/v2\/users\/1"}],"replies":[{"embeddable":true,"href":"http:\/\/s710205766.online.de\/ssv-wordpress\/index.php?rest_route=%2Fwp%2Fv2%2Fcomments&post=9820"}],"version-history":[{"count":5,"href":"http:\/\/s710205766.online.de\/ssv-wordpress\/index.php?rest_route=\/wp\/v2\/pages\/9820\/revisions"}],"predecessor-version":[{"id":10018,"href":"http:\/\/s710205766.online.de\/ssv-wordpress\/index.php?rest_route=\/wp\/v2\/pages\/9820\/revisions\/10018"}],"wp:attachment":[{"href":"http:\/\/s710205766.online.de\/ssv-wordpress\/index.php?rest_route=%2Fwp%2Fv2%2Fmedia&parent=9820"}],"curies":[{"name":"wp","href":"https:\/\/api.w.org\/{rel}","templated":true}]}}