{"id":4996,"date":"2019-08-10T19:52:53","date_gmt":"2019-08-10T17:52:53","guid":{"rendered":"http:\/\/s710205766.online.de\/ssv-wordpress\/?page_id=4996"},"modified":"2022-06-06T21:54:58","modified_gmt":"2022-06-06T19:54:58","slug":"2019-2","status":"publish","type":"page","link":"http:\/\/s710205766.online.de\/ssv-wordpress\/?page_id=4996","title":{"rendered":"2019"},"content":{"rendered":"<p><a href=\"http:\/\/s710205766.online.de\/ssv-wordpress\/wp-admin\/post.php?post=2520&amp;action=edit\" target=\"_blank\" rel=\"noopener noreferrer\">LG Ligarunde 2019<\/a><\/p>\n<p><a href=\"http:\/\/s710205766.online.de\/ssv-wordpress\/wp-admin\/post.php?post=2522&amp;action=edit\" target=\"_blank\" rel=\"noopener noreferrer\">LG Runde Auflage 2019<\/a><\/p>\n<p><a href=\"http:\/\/s710205766.online.de\/ssv-wordpress\/wp-admin\/post.php?post=579&amp;action=edit\" target=\"_blank\" rel=\"noopener noreferrer\">Turniere<\/a><\/p>\n<p><a href=\"http:\/\/s710205766.online.de\/ssv-wordpress\/wp-admin\/post.php?post=1426&amp;action=edit\" target=\"_blank\" rel=\"noopener noreferrer\">VM<\/a><\/p>\n<p><a href=\"http:\/\/s710205766.online.de\/ssv-wordpress\/?page_id=5261\" target=\"_blank\" rel=\"noopener noreferrer\">Gro\u00dfkaliber Turnier<\/a><\/p>\n<p><a href=\"http:\/\/s710205766.online.de\/ssv-wordpress\/?page_id=5205\" target=\"_blank\" rel=\"noopener noreferrer\">Vereinspokalschiessen 201<\/a><\/p>\n<p><a href=\"http:\/\/s710205766.online.de\/ssv-wordpress\/wp-content\/uploads\/ASS-Kreise-2019.pdf\" target=\"_blank\" rel=\"noopener noreferrer\">ASS Kreise 2019<\/a><\/p>\n<p><a href=\"http:\/\/s710205766.online.de\/ssv-wordpress\/wp-content\/uploads\/Jugendk\u00f6nig-2019-1.pdf\" target=\"_blank\" rel=\"noopener noreferrer\">Jugendk\u00f6nig 2019<\/a><\/p>\n<p><a href=\"http:\/\/s710205766.online.de\/ssv-wordpress\/wp-content\/uploads\/K\u00f6nig-2019-2.pdf\" target=\"_blank\" rel=\"noopener noreferrer\">K\u00f6nig 2019<\/a><\/p>\n<p><a href=\"http:\/\/s710205766.online.de\/ssv-wordpress\/wp-content\/uploads\/AB-Schie\u00dfen-2019-komplett.pdf\" target=\"_blank\" rel=\"noopener noreferrer\">A&amp;B Schie\u00dfen 2019<\/a><\/p>\n<p><a style=\"font-family: Helvetica, sans-serif; font-size: 14px; font-style: normal; color: #439f55;\" href=\"http:\/\/s710205766.online.de\/ssv-wordpress\/wp-content\/uploads\/Zimmerstutzenturnier-2019.pdf\" target=\"_blank\" rel=\"noopener noreferrer\">Zimmerstutzenturnier 2019<\/a><\/p>\n<p>&nbsp;<\/p>\n<p>&nbsp;<\/p>\n","protected":false},"excerpt":{"rendered":"<p>LG Ligarunde 2019 LG Runde Auflage 2019 Turniere VM Gro\u00dfkaliber Turnier Vereinspokalschiessen 201 ASS Kreise 2019 Jugendk\u00f6nig 2019 K\u00f6nig 2019 A&amp;B Schie\u00dfen 2019 Zimmerstutzenturnier 2019 &nbsp; &nbsp;<\/p>\n","protected":false},"author":1,"featured_media":0,"parent":0,"menu_order":0,"comment_status":"closed","ping_status":"closed","template":"","meta":{"footnotes":""},"_links":{"self":[{"href":"http:\/\/s710205766.online.de\/ssv-wordpress\/index.php?rest_route=\/wp\/v2\/pages\/4996"}],"collection":[{"href":"http:\/\/s710205766.online.de\/ssv-wordpress\/index.php?rest_route=\/wp\/v2\/pages"}],"about":[{"href":"http:\/\/s710205766.online.de\/ssv-wordpress\/index.php?rest_route=\/wp\/v2\/types\/page"}],"author":[{"embeddable":true,"href":"http:\/\/s710205766.online.de\/ssv-wordpress\/index.php?rest_route=\/wp\/v2\/users\/1"}],"replies":[{"embeddable":true,"href":"http:\/\/s710205766.online.de\/ssv-wordpress\/index.php?rest_route=%2Fwp%2Fv2%2Fcomments&post=4996"}],"version-history":[{"count":18,"href":"http:\/\/s710205766.online.de\/ssv-wordpress\/index.php?rest_route=\/wp\/v2\/pages\/4996\/revisions"}],"predecessor-version":[{"id":7333,"href":"http:\/\/s710205766.online.de\/ssv-wordpress\/index.php?rest_route=\/wp\/v2\/pages\/4996\/revisions\/7333"}],"wp:attachment":[{"href":"http:\/\/s710205766.online.de\/ssv-wordpress\/index.php?rest_route=%2Fwp%2Fv2%2Fmedia&parent=4996"}],"curies":[{"name":"wp","href":"https:\/\/api.w.org\/{rel}","templated":true}]}}