{"id":48,"date":"2017-10-20T14:22:31","date_gmt":"2017-10-20T12:22:31","guid":{"rendered":"http:\/\/s710205766.online.de\/ssv-wordpress\/?page_id=48"},"modified":"2017-11-25T14:46:56","modified_gmt":"2017-11-25T13:46:56","slug":"luftgewehrhalle","status":"publish","type":"page","link":"http:\/\/s710205766.online.de\/ssv-wordpress\/?page_id=48","title":{"rendered":"Luftgewehrhalle"},"content":{"rendered":"<ul>\n<li>18 elektronische Standanlagen, Entfernung 10 m f\u00fcr LG und LP.<\/li>\n<li>Zugelassen f\u00fcr Luftdruck- und CO2 Waffen, im Winter beheizt.<\/li>\n<li>Umbau auf 10 m Armbrust und Zimmerstutzen ist m\u00f6glich.<\/li>\n<\/ul>\n<p>&nbsp;<\/p>\n<p>Von Mai bis September 2016 wurde in vielen Stunden Eigenleistung die alte Luftgewehrhalle modernisiert. Wir verf\u00fcgen nun \u00fcber insgesamt 18 neue elektronische Standanlagen. Diese wurden so angebracht, dass ohne viel Aufwand auch LG 3-Stellung geschossen werden kann.<\/p>\n<style type=\"text\/css\">\n#foogallery-gallery-1404.fg-simple_portfolio { justify-content: center; --fg-gutter: 40px; }\n#foogallery-gallery-1404.fg-simple_portfolio .fg-item { flex-basis: 250px; }<\/style>\n\t\t\t<style type=\"text\/css\">\n#foogallery-gallery-1404_1.fg-simple_portfolio { justify-content: center; --fg-gutter: 40px; }\n#foogallery-gallery-1404_1.fg-simple_portfolio .fg-item { flex-basis: 250px; }<\/style>\n\t\t\t<div class=\"foogallery foogallery-container foogallery-simple_portfolio foogallery-lightbox-foobox fg-simple_portfolio fg-ready fg-light fg-border-thin fg-shadow-outline fg-loading-default fg-loaded-fade-in fg-caption-always fg-hover-fade fg-hover-zoom fg-caption-always\" id=\"foogallery-gallery-1404_1\" data-foogallery=\"{&quot;item&quot;:{&quot;showCaptionTitle&quot;:true,&quot;showCaptionDescription&quot;:true},&quot;lazy&quot;:true}\" style=\"--fg-title-line-clamp: 0; --fg-description-line-clamp: 0;\" >\n\t<div class=\"fg-item fg-type-image fg-idle\"><figure class=\"fg-item-inner\"><a href=\"http:\/\/s710205766.online.de\/ssv-wordpress\/wp-content\/uploads\/2017\/10\/LG-Halle_07.jpg\" data-attachment-id=\"123\" class=\"foogallery-thumb fg-thumb\" data-type=\"image\"><span class=\"fg-image-wrap\"><img fetchpriority=\"high\" decoding=\"async\" class=\"bf-img skip-lazy fg-image\" height=\"200\" width=\"250\" data-src-fg=\"http:\/\/s710205766.online.de\/ssv-wordpress\/wp-content\/uploads\/cache\/2017\/10\/LG-Halle_07\/225289156.jpg\" src=\"data:image\/svg+xml,%3Csvg%20xmlns%3D%22http%3A%2F%2Fwww.w3.org%2F2000%2Fsvg%22%20width%3D%22250%22%20height%3D%22200%22%20viewBox%3D%220%200%20250%20200%22%3E%3C%2Fsvg%3E\" loading=\"eager\"><\/span><span class=\"fg-image-overlay\"><\/span><\/a><\/figure><div class=\"fg-loader\"><\/div><\/div><div class=\"fg-item fg-type-image fg-idle\"><figure class=\"fg-item-inner\"><a href=\"http:\/\/s710205766.online.de\/ssv-wordpress\/wp-content\/uploads\/2017\/10\/LG-Halle_06.jpg\" data-attachment-id=\"122\" class=\"foogallery-thumb fg-thumb\" data-type=\"image\"><span class=\"fg-image-wrap\"><img decoding=\"async\" class=\"bf-img skip-lazy fg-image\" height=\"200\" width=\"250\" data-src-fg=\"http:\/\/s710205766.online.de\/ssv-wordpress\/wp-content\/uploads\/cache\/2017\/10\/LG-Halle_06\/1719315010.jpg\" src=\"data:image\/svg+xml,%3Csvg%20xmlns%3D%22http%3A%2F%2Fwww.w3.org%2F2000%2Fsvg%22%20width%3D%22250%22%20height%3D%22200%22%20viewBox%3D%220%200%20250%20200%22%3E%3C%2Fsvg%3E\" loading=\"eager\"><\/span><span class=\"fg-image-overlay\"><\/span><\/a><\/figure><div class=\"fg-loader\"><\/div><\/div><div class=\"fg-item fg-type-image fg-idle\"><figure class=\"fg-item-inner\"><a href=\"http:\/\/s710205766.online.de\/ssv-wordpress\/wp-content\/uploads\/2017\/10\/LG-Halle_05.jpg\" data-caption-title=\"Luftgewehrhalle\" data-attachment-id=\"121\" class=\"foogallery-thumb fg-thumb\" data-type=\"image\"><span class=\"fg-image-wrap\"><img decoding=\"async\" title=\"Luftgewehrhalle\" class=\"bf-img skip-lazy fg-image\" height=\"200\" width=\"250\" data-src-fg=\"http:\/\/s710205766.online.de\/ssv-wordpress\/wp-content\/uploads\/cache\/2017\/10\/LG-Halle_05\/3678646472.jpg\" src=\"data:image\/svg+xml,%3Csvg%20xmlns%3D%22http%3A%2F%2Fwww.w3.org%2F2000%2Fsvg%22%20width%3D%22250%22%20height%3D%22200%22%20viewBox%3D%220%200%20250%20200%22%3E%3C%2Fsvg%3E\" loading=\"eager\"><\/span><span class=\"fg-image-overlay\"><\/span><\/a><figcaption class=\"fg-caption\"><div class=\"fg-caption-inner\"><div class=\"fg-caption-title\">Luftgewehrhalle<\/div><\/div><\/figcaption><\/figure><div class=\"fg-loader\"><\/div><\/div><div class=\"fg-item fg-type-image fg-idle\"><figure class=\"fg-item-inner\"><a href=\"http:\/\/s710205766.online.de\/ssv-wordpress\/wp-content\/uploads\/LG-Halle_06.jpg\" data-attachment-id=\"726\" class=\"foogallery-thumb fg-thumb\" data-type=\"image\"><span class=\"fg-image-wrap\"><img decoding=\"async\" class=\"bf-img skip-lazy fg-image\" height=\"200\" width=\"250\" data-src-fg=\"http:\/\/s710205766.online.de\/ssv-wordpress\/wp-content\/uploads\/cache\/LG-Halle_06\/1858900124.jpg\" src=\"data:image\/svg+xml,%3Csvg%20xmlns%3D%22http%3A%2F%2Fwww.w3.org%2F2000%2Fsvg%22%20width%3D%22250%22%20height%3D%22200%22%20viewBox%3D%220%200%20250%20200%22%3E%3C%2Fsvg%3E\" loading=\"eager\"><\/span><span class=\"fg-image-overlay\"><\/span><\/a><\/figure><div class=\"fg-loader\"><\/div><\/div><div class=\"fg-item fg-type-image fg-idle\"><figure class=\"fg-item-inner\"><a href=\"http:\/\/s710205766.online.de\/ssv-wordpress\/wp-content\/uploads\/LG-Halle_05.jpg\" data-attachment-id=\"725\" class=\"foogallery-thumb fg-thumb\" data-type=\"image\"><span class=\"fg-image-wrap\"><img decoding=\"async\" class=\"bf-img skip-lazy fg-image\" height=\"200\" width=\"250\" data-src-fg=\"http:\/\/s710205766.online.de\/ssv-wordpress\/wp-content\/uploads\/cache\/LG-Halle_05\/398314573.jpg\" src=\"data:image\/svg+xml,%3Csvg%20xmlns%3D%22http%3A%2F%2Fwww.w3.org%2F2000%2Fsvg%22%20width%3D%22250%22%20height%3D%22200%22%20viewBox%3D%220%200%20250%20200%22%3E%3C%2Fsvg%3E\" loading=\"eager\"><\/span><span class=\"fg-image-overlay\"><\/span><\/a><\/figure><div class=\"fg-loader\"><\/div><\/div><div class=\"fg-item fg-type-image fg-idle\"><figure class=\"fg-item-inner\"><a href=\"http:\/\/s710205766.online.de\/ssv-wordpress\/wp-content\/uploads\/LG-Halle_06-1.jpg\" data-attachment-id=\"732\" class=\"foogallery-thumb fg-thumb\" data-type=\"image\"><span class=\"fg-image-wrap\"><img decoding=\"async\" class=\"bf-img skip-lazy fg-image\" height=\"200\" width=\"250\" data-src-fg=\"http:\/\/s710205766.online.de\/ssv-wordpress\/wp-content\/uploads\/cache\/LG-Halle_06-1\/2861304968.jpg\" src=\"data:image\/svg+xml,%3Csvg%20xmlns%3D%22http%3A%2F%2Fwww.w3.org%2F2000%2Fsvg%22%20width%3D%22250%22%20height%3D%22200%22%20viewBox%3D%220%200%20250%20200%22%3E%3C%2Fsvg%3E\" loading=\"eager\"><\/span><span class=\"fg-image-overlay\"><\/span><\/a><\/figure><div class=\"fg-loader\"><\/div><\/div><\/div>\n","protected":false},"excerpt":{"rendered":"<p>18 elektronische Standanlagen, Entfernung 10 m f\u00fcr LG und LP. Zugelassen f\u00fcr Luftdruck- und CO2 Waffen, im Winter beheizt. Umbau auf 10 m Armbrust und Zimmerstutzen ist m\u00f6glich. &nbsp; Von Mai bis September 2016 wurde in vielen Stunden Eigenleistung die&hellip; <\/p>\n","protected":false},"author":1,"featured_media":0,"parent":0,"menu_order":0,"comment_status":"closed","ping_status":"closed","template":"","meta":{"footnotes":""},"_links":{"self":[{"href":"http:\/\/s710205766.online.de\/ssv-wordpress\/index.php?rest_route=\/wp\/v2\/pages\/48"}],"collection":[{"href":"http:\/\/s710205766.online.de\/ssv-wordpress\/index.php?rest_route=\/wp\/v2\/pages"}],"about":[{"href":"http:\/\/s710205766.online.de\/ssv-wordpress\/index.php?rest_route=\/wp\/v2\/types\/page"}],"author":[{"embeddable":true,"href":"http:\/\/s710205766.online.de\/ssv-wordpress\/index.php?rest_route=\/wp\/v2\/users\/1"}],"replies":[{"embeddable":true,"href":"http:\/\/s710205766.online.de\/ssv-wordpress\/index.php?rest_route=%2Fwp%2Fv2%2Fcomments&post=48"}],"version-history":[{"count":18,"href":"http:\/\/s710205766.online.de\/ssv-wordpress\/index.php?rest_route=\/wp\/v2\/pages\/48\/revisions"}],"predecessor-version":[{"id":1405,"href":"http:\/\/s710205766.online.de\/ssv-wordpress\/index.php?rest_route=\/wp\/v2\/pages\/48\/revisions\/1405"}],"wp:attachment":[{"href":"http:\/\/s710205766.online.de\/ssv-wordpress\/index.php?rest_route=%2Fwp%2Fv2%2Fmedia&parent=48"}],"curies":[{"name":"wp","href":"https:\/\/api.w.org\/{rel}","templated":true}]}}