{"id":44,"date":"2017-10-20T14:22:13","date_gmt":"2017-10-20T12:22:13","guid":{"rendered":"http:\/\/s710205766.online.de\/ssv-wordpress\/?page_id=44"},"modified":"2017-11-26T12:54:46","modified_gmt":"2017-11-26T11:54:46","slug":"pistolenstand","status":"publish","type":"page","link":"http:\/\/s710205766.online.de\/ssv-wordpress\/?page_id=44","title":{"rendered":"Pistolenstand"},"content":{"rendered":"<ul>\n<li>8 St\u00e4nde f\u00fcr Pr\u00e4zision und Duell,<\/li>\n<li>Entfernung 25m.<\/li>\n<li>oder 2 x 5 St\u00e4nde f\u00fcr Olympische Schnellfeuerpistole.<\/li>\n<li>Zugelassen f\u00fcr Gro\u00dfkaliber.<\/li>\n<\/ul>\n<p>In mehrmonatiger Bauzeit und mit einem Eigenleistungsanteil von mehr als 1.800\u00a0 Stunden wurde der Sportpistolenstand im Winter 99\/00 renoviert. Durch aufw\u00e4ndige Schalld\u00e4mmma\u00dfnahmen ist es gelungen, den Schallpegel beim Schuss um ca. 17 dB zu reduzieren.<\/p>\n<style type=\"text\/css\">\n#foogallery-gallery-1406.fg-simple_portfolio { justify-content: center; --fg-gutter: 40px; }\n#foogallery-gallery-1406.fg-simple_portfolio .fg-item { flex-basis: 250px; }<\/style>\n\t\t\t<style type=\"text\/css\">\n#foogallery-gallery-1406_1.fg-simple_portfolio { justify-content: center; --fg-gutter: 40px; }\n#foogallery-gallery-1406_1.fg-simple_portfolio .fg-item { flex-basis: 250px; }<\/style>\n\t\t\t<div class=\"foogallery foogallery-container foogallery-simple_portfolio foogallery-lightbox-foobox fg-simple_portfolio fg-ready fg-light fg-border-thin fg-shadow-outline fg-loading-default fg-loaded-fade-in fg-caption-always fg-hover-fade fg-hover-zoom fg-caption-always\" id=\"foogallery-gallery-1406_1\" data-foogallery=\"{&quot;item&quot;:{&quot;showCaptionTitle&quot;:true,&quot;showCaptionDescription&quot;:true},&quot;lazy&quot;:true}\" style=\"--fg-title-line-clamp: 0; --fg-description-line-clamp: 0;\" >\n\t<div class=\"fg-item fg-type-image fg-idle\"><figure class=\"fg-item-inner\"><a href=\"http:\/\/s710205766.online.de\/ssv-wordpress\/wp-content\/uploads\/2017\/10\/SpoPi_Daemmmatten.jpg\" data-attachment-id=\"128\" class=\"foogallery-thumb fg-thumb\" data-type=\"image\"><span class=\"fg-image-wrap\"><img fetchpriority=\"high\" decoding=\"async\" class=\"bf-img skip-lazy fg-image\" height=\"200\" width=\"250\" data-src-fg=\"http:\/\/s710205766.online.de\/ssv-wordpress\/wp-content\/uploads\/cache\/2017\/10\/SpoPi_Daemmmatten\/4175988526.jpg\" src=\"data:image\/svg+xml,%3Csvg%20xmlns%3D%22http%3A%2F%2Fwww.w3.org%2F2000%2Fsvg%22%20width%3D%22250%22%20height%3D%22200%22%20viewBox%3D%220%200%20250%20200%22%3E%3C%2Fsvg%3E\" loading=\"eager\"><\/span><span class=\"fg-image-overlay\"><\/span><\/a><\/figure><div class=\"fg-loader\"><\/div><\/div><div class=\"fg-item fg-type-image fg-idle\"><figure class=\"fg-item-inner\"><a href=\"http:\/\/s710205766.online.de\/ssv-wordpress\/wp-content\/uploads\/2017\/10\/SpoPi_von_draussen.jpg\" data-attachment-id=\"129\" class=\"foogallery-thumb fg-thumb\" data-type=\"image\"><span class=\"fg-image-wrap\"><img decoding=\"async\" class=\"bf-img skip-lazy fg-image\" height=\"200\" width=\"250\" data-src-fg=\"http:\/\/s710205766.online.de\/ssv-wordpress\/wp-content\/uploads\/cache\/2017\/10\/SpoPi_von_draussen\/3532569615.jpg\" src=\"data:image\/svg+xml,%3Csvg%20xmlns%3D%22http%3A%2F%2Fwww.w3.org%2F2000%2Fsvg%22%20width%3D%22250%22%20height%3D%22200%22%20viewBox%3D%220%200%20250%20200%22%3E%3C%2Fsvg%3E\" loading=\"eager\"><\/span><span class=\"fg-image-overlay\"><\/span><\/a><\/figure><div class=\"fg-loader\"><\/div><\/div><div class=\"fg-item fg-type-image fg-idle\"><figure class=\"fg-item-inner\"><a href=\"http:\/\/s710205766.online.de\/ssv-wordpress\/wp-content\/uploads\/SpoPi_Stand.jpg\" data-attachment-id=\"722\" class=\"foogallery-thumb fg-thumb\" data-type=\"image\"><span class=\"fg-image-wrap\"><img decoding=\"async\" class=\"bf-img skip-lazy fg-image\" height=\"200\" width=\"250\" data-src-fg=\"http:\/\/s710205766.online.de\/ssv-wordpress\/wp-content\/uploads\/cache\/SpoPi_Stand\/2888927891.jpg\" src=\"data:image\/svg+xml,%3Csvg%20xmlns%3D%22http%3A%2F%2Fwww.w3.org%2F2000%2Fsvg%22%20width%3D%22250%22%20height%3D%22200%22%20viewBox%3D%220%200%20250%20200%22%3E%3C%2Fsvg%3E\" loading=\"eager\"><\/span><span class=\"fg-image-overlay\"><\/span><\/a><\/figure><div class=\"fg-loader\"><\/div><\/div><\/div>\n","protected":false},"excerpt":{"rendered":"<p>8 St\u00e4nde f\u00fcr Pr\u00e4zision und Duell, Entfernung 25m. oder 2 x 5 St\u00e4nde f\u00fcr Olympische Schnellfeuerpistole. Zugelassen f\u00fcr Gro\u00dfkaliber. In mehrmonatiger Bauzeit und mit einem Eigenleistungsanteil von mehr als 1.800\u00a0 Stunden wurde der Sportpistolenstand im Winter 99\/00 renoviert. Durch aufw\u00e4ndige&hellip; <\/p>\n","protected":false},"author":1,"featured_media":0,"parent":0,"menu_order":0,"comment_status":"closed","ping_status":"closed","template":"","meta":{"footnotes":""},"_links":{"self":[{"href":"http:\/\/s710205766.online.de\/ssv-wordpress\/index.php?rest_route=\/wp\/v2\/pages\/44"}],"collection":[{"href":"http:\/\/s710205766.online.de\/ssv-wordpress\/index.php?rest_route=\/wp\/v2\/pages"}],"about":[{"href":"http:\/\/s710205766.online.de\/ssv-wordpress\/index.php?rest_route=\/wp\/v2\/types\/page"}],"author":[{"embeddable":true,"href":"http:\/\/s710205766.online.de\/ssv-wordpress\/index.php?rest_route=\/wp\/v2\/users\/1"}],"replies":[{"embeddable":true,"href":"http:\/\/s710205766.online.de\/ssv-wordpress\/index.php?rest_route=%2Fwp%2Fv2%2Fcomments&post=44"}],"version-history":[{"count":8,"href":"http:\/\/s710205766.online.de\/ssv-wordpress\/index.php?rest_route=\/wp\/v2\/pages\/44\/revisions"}],"predecessor-version":[{"id":1434,"href":"http:\/\/s710205766.online.de\/ssv-wordpress\/index.php?rest_route=\/wp\/v2\/pages\/44\/revisions\/1434"}],"wp:attachment":[{"href":"http:\/\/s710205766.online.de\/ssv-wordpress\/index.php?rest_route=%2Fwp%2Fv2%2Fmedia&parent=44"}],"curies":[{"name":"wp","href":"https:\/\/api.w.org\/{rel}","templated":true}]}}