{"id":38,"date":"2017-10-20T14:21:46","date_gmt":"2017-10-20T12:21:46","guid":{"rendered":"http:\/\/s710205766.online.de\/ssv-wordpress\/?page_id=38"},"modified":"2025-01-09T16:56:59","modified_gmt":"2025-01-09T15:56:59","slug":"geschichte","status":"publish","type":"page","link":"http:\/\/s710205766.online.de\/ssv-wordpress\/?page_id=38","title":{"rendered":"Geschichte"},"content":{"rendered":"<p><a href=\"http:\/\/s710205766.online.de\/ssv-wordpress\/wp-content\/uploads\/Werdegang-SSV-ab-1951-1.pdf\" target=\"_blank\" rel=\"noopener noreferrer\">Werdegang SSV ab 1951<\/a><\/p>\n<p><a href=\"http:\/\/s710205766.online.de\/ssv-wordpress\/wp-content\/uploads\/Vorst\u00e4nde-und-Vertreter-SSV-Eberbach.pdf\">Vorst\u00e4nde und Vertreter SSV Eberbach<\/a><\/p>\n<p><a href=\"http:\/\/s710205766.online.de\/ssv-wordpress\/wp-content\/uploads\/Auflistung-Schuetzenkoenige-ab-1955.pdf\">Auflistung Sch\u00fctzenk\u00f6nige ab 1955<\/a><\/p>\n<p><a href=\"http:\/\/s710205766.online.de\/ssv-wordpress\/wp-content\/uploads\/Auflistung-Jugend-Schuetzenkoenige-ab-1955.pdf\">Auflistung Jugend Sch\u00fctzenk\u00f6nige ab 1955<\/a><\/p>\n<p><a href=\"http:\/\/s710205766.online.de\/ssv-wordpress\/wp-content\/uploads\/Kreiskoenige-Eberbach.pdf\">Kreisk\u00f6nige Eberbach<\/a><\/p>\n<p><a href=\"http:\/\/s710205766.online.de\/ssv-wordpress\/wp-content\/uploads\/Kreis-Jugend-Koenige.pdf\">Kreis Jugend K\u00f6nige<\/a><\/p>\n<p><a href=\"http:\/\/s710205766.online.de\/ssv-wordpress\/wp-content\/uploads\/Landessch\u00fctzenk\u00f6nigin-2015.pdf\" target=\"_blank\" rel=\"noopener noreferrer\">Landessch\u00fctzenk\u00f6nigin 2015<\/a><\/p>\n<p>&nbsp;<\/p>\n","protected":false},"excerpt":{"rendered":"<p>Werdegang SSV ab 1951 Vorst\u00e4nde und Vertreter SSV Eberbach Auflistung Sch\u00fctzenk\u00f6nige ab 1955 Auflistung Jugend Sch\u00fctzenk\u00f6nige ab 1955 Kreisk\u00f6nige Eberbach Kreis Jugend K\u00f6nige Landessch\u00fctzenk\u00f6nigin 2015 &nbsp;<\/p>\n","protected":false},"author":1,"featured_media":0,"parent":0,"menu_order":0,"comment_status":"closed","ping_status":"closed","template":"","meta":{"footnotes":""},"_links":{"self":[{"href":"http:\/\/s710205766.online.de\/ssv-wordpress\/index.php?rest_route=\/wp\/v2\/pages\/38"}],"collection":[{"href":"http:\/\/s710205766.online.de\/ssv-wordpress\/index.php?rest_route=\/wp\/v2\/pages"}],"about":[{"href":"http:\/\/s710205766.online.de\/ssv-wordpress\/index.php?rest_route=\/wp\/v2\/types\/page"}],"author":[{"embeddable":true,"href":"http:\/\/s710205766.online.de\/ssv-wordpress\/index.php?rest_route=\/wp\/v2\/users\/1"}],"replies":[{"embeddable":true,"href":"http:\/\/s710205766.online.de\/ssv-wordpress\/index.php?rest_route=%2Fwp%2Fv2%2Fcomments&post=38"}],"version-history":[{"count":36,"href":"http:\/\/s710205766.online.de\/ssv-wordpress\/index.php?rest_route=\/wp\/v2\/pages\/38\/revisions"}],"predecessor-version":[{"id":9275,"href":"http:\/\/s710205766.online.de\/ssv-wordpress\/index.php?rest_route=\/wp\/v2\/pages\/38\/revisions\/9275"}],"wp:attachment":[{"href":"http:\/\/s710205766.online.de\/ssv-wordpress\/index.php?rest_route=%2Fwp%2Fv2%2Fmedia&parent=38"}],"curies":[{"name":"wp","href":"https:\/\/api.w.org\/{rel}","templated":true}]}}